{"id":53,"date":"2023-12-23T20:50:35","date_gmt":"2023-12-23T19:50:35","guid":{"rendered":"https:\/\/www.pocitacovy-servis.sk\/?page_id=53"},"modified":"2023-12-24T16:49:15","modified_gmt":"2023-12-24T15:49:15","slug":"home","status":"publish","type":"page","link":"https:\/\/www.pocitacovy-servis.sk\/","title":{"rendered":"Home"},"content":{"rendered":"\t\t<div data-elementor-type=\"wp-page\" data-elementor-id=\"53\" class=\"elementor elementor-53\">\n\t\t\t\t\t\t\t<div class=\"elementor-element elementor-element-1697ded0 e-con-full e-flex e-con e-parent\" data-id=\"1697ded0\" data-element_type=\"container\" data-settings=\"{&quot;content_width&quot;:&quot;full&quot;}\" data-core-v316-plus=\"true\">\n\t\t<div class=\"elementor-element elementor-element-5acba789 e-con-full e-flex e-con e-child\" data-id=\"5acba789\" data-element_type=\"container\" data-settings=\"{&quot;content_width&quot;:&quot;full&quot;}\">\n\t\t<div class=\"elementor-element elementor-element-5b1700be e-con-full e-flex e-con e-child\" data-id=\"5b1700be\" data-element_type=\"container\" data-settings=\"{&quot;content_width&quot;:&quot;full&quot;}\">\n\t\t\t\t<div class=\"elementor-element elementor-element-40c45974 elementor-widget elementor-widget-heading\" data-id=\"40c45974\" data-element_type=\"widget\" data-widget_type=\"heading.default\">\n\t\t\t\t<div class=\"elementor-widget-container\">\n\t\t\t<style>\/*! elementor - v3.18.0 - 20-12-2023 *\/\n.elementor-heading-title{padding:0;margin:0;line-height:1}.elementor-widget-heading .elementor-heading-title[class*=elementor-size-]>a{color:inherit;font-size:inherit;line-height:inherit}.elementor-widget-heading .elementor-heading-title.elementor-size-small{font-size:15px}.elementor-widget-heading .elementor-heading-title.elementor-size-medium{font-size:19px}.elementor-widget-heading .elementor-heading-title.elementor-size-large{font-size:29px}.elementor-widget-heading .elementor-heading-title.elementor-size-xl{font-size:39px}.elementor-widget-heading .elementor-heading-title.elementor-size-xxl{font-size:59px}<\/style><h1 class=\"elementor-heading-title elementor-size-default\">Expertn\u00e1 Starostlivos\u0165 pre V\u00e1\u0161 Po\u010d\u00edta\u010d - r\u00fdchlo, spolahlivo a profesion\u00e1lne<br><\/h1>\t\t<\/div>\n\t\t\t\t<\/div>\n\t\t\t\t<div class=\"elementor-element elementor-element-1747235 elementor-widget__width-initial elementor-widget elementor-widget-text-editor\" data-id=\"1747235\" data-element_type=\"widget\" data-widget_type=\"text-editor.default\">\n\t\t\t\t<div class=\"elementor-widget-container\">\n\t\t\t<style>\/*! elementor - v3.18.0 - 20-12-2023 *\/\n.elementor-widget-text-editor.elementor-drop-cap-view-stacked .elementor-drop-cap{background-color:#69727d;color:#fff}.elementor-widget-text-editor.elementor-drop-cap-view-framed .elementor-drop-cap{color:#69727d;border:3px solid;background-color:transparent}.elementor-widget-text-editor:not(.elementor-drop-cap-view-default) .elementor-drop-cap{margin-top:8px}.elementor-widget-text-editor:not(.elementor-drop-cap-view-default) .elementor-drop-cap-letter{width:1em;height:1em}.elementor-widget-text-editor .elementor-drop-cap{float:left;text-align:center;line-height:1;font-size:50px}.elementor-widget-text-editor .elementor-drop-cap-letter{display:inline-block}<\/style>\t\t\t\t<p>Komplexn\u00e9 rie\u0161enia pre Opravy, \u00dadr\u017ebu a Vylep\u0161enia Po\u010d\u00edta\u010dov na Jednom Mieste<\/p>\t\t\t\t\t\t<\/div>\n\t\t\t\t<\/div>\n\t\t\t\t<div class=\"elementor-element elementor-element-5a47fb20 elementor-invisible elementor-widget elementor-widget-button\" data-id=\"5a47fb20\" data-element_type=\"widget\" data-settings=\"{&quot;_animation&quot;:&quot;fadeInDown&quot;}\" data-widget_type=\"button.default\">\n\t\t\t\t<div class=\"elementor-widget-container\">\n\t\t\t\t\t<div class=\"elementor-button-wrapper\">\n\t\t\t<a class=\"elementor-button elementor-size-sm elementor-animation-sink\" role=\"button\">\n\t\t\t\t\t\t<span class=\"elementor-button-content-wrapper\">\n\t\t\t\t\t\t<span class=\"elementor-button-text\">Objavte Na\u0161e Slu\u017eby<\/span>\n\t\t<\/span>\n\t\t\t\t\t<\/a>\n\t\t<\/div>\n\t\t\t\t<\/div>\n\t\t\t\t<\/div>\n\t\t\t\t<\/div>\n\t\t\t\t<div class=\"elementor-element elementor-element-40fbea6f elementor-invisible elementor-widget elementor-widget-heading\" data-id=\"40fbea6f\" data-element_type=\"widget\" data-settings=\"{&quot;_animation&quot;:&quot;fadeInUp&quot;}\" data-widget_type=\"heading.default\">\n\t\t\t\t<div class=\"elementor-widget-container\">\n\t\t\t<span class=\"elementor-heading-title elementor-size-default\">PC servis<\/span>\t\t<\/div>\n\t\t\t\t<\/div>\n\t\t\t\t<\/div>\n\t\t<div class=\"elementor-element elementor-element-4fa65dce e-con-full e-flex e-con e-child\" data-id=\"4fa65dce\" data-element_type=\"container\" data-settings=\"{&quot;background_background&quot;:&quot;classic&quot;,&quot;content_width&quot;:&quot;full&quot;}\">\n\t\t\t\t<\/div>\n\t\t\t\t<\/div>\n\t\t<div class=\"elementor-element elementor-element-6b21c9b7 e-con-full e-flex e-con e-parent\" data-id=\"6b21c9b7\" data-element_type=\"container\" data-settings=\"{&quot;content_width&quot;:&quot;full&quot;}\" data-core-v316-plus=\"true\">\n\t\t<div class=\"elementor-element elementor-element-2d2fd175 e-con-full e-flex e-con e-child\" data-id=\"2d2fd175\" data-element_type=\"container\" data-settings=\"{&quot;background_background&quot;:&quot;classic&quot;,&quot;content_width&quot;:&quot;full&quot;}\">\n\t\t\t\t<\/div>\n\t\t<div class=\"elementor-element elementor-element-176f11e5 e-con-full e-flex e-con e-child\" data-id=\"176f11e5\" data-element_type=\"container\" data-settings=\"{&quot;content_width&quot;:&quot;full&quot;}\">\n\t\t\t\t<div class=\"elementor-element elementor-element-67101fea elementor-widget elementor-widget-heading\" data-id=\"67101fea\" data-element_type=\"widget\" data-widget_type=\"heading.default\">\n\t\t\t\t<div class=\"elementor-widget-container\">\n\t\t\t<h2 class=\"elementor-heading-title elementor-size-default\">V Po\u010d\u00edta\u010dovom Servise sme v\u00e1\u0161niv\u00ed odborn\u00edci s viac ako 20 rokmi sk\u00fasenost\u00ed v oblasti IT<\/h2>\t\t<\/div>\n\t\t\t\t<\/div>\n\t\t\t\t<div class=\"elementor-element elementor-element-50369761 elementor-widget elementor-widget-text-editor\" data-id=\"50369761\" data-element_type=\"widget\" data-widget_type=\"text-editor.default\">\n\t\t\t\t<div class=\"elementor-widget-container\">\n\t\t\t\t\t\t\t<p>Na\u0161\u00edm poslan\u00edm je poskytova\u0165 vysokokvalitn\u00e9 slu\u017eby v oblasti opravy a \u00fadr\u017eby po\u010d\u00edta\u010dov pre jednotlivcov aj firmy. S d\u00f4razom na spo\u013eahlivos\u0165, r\u00fdchlos\u0165 a transparentnos\u0165, sme tu, aby sme v\u00e1m pomohli rie\u0161i\u0165 ak\u00e9ko\u013evek po\u010d\u00edta\u010dov\u00e9 probl\u00e9my.<\/p>\t\t\t\t\t\t<\/div>\n\t\t\t\t<\/div>\n\t\t\t\t<div class=\"elementor-element elementor-element-438c5064 elementor-invisible elementor-widget elementor-widget-button\" data-id=\"438c5064\" data-element_type=\"widget\" data-settings=\"{&quot;_animation&quot;:&quot;fadeInDown&quot;}\" data-widget_type=\"button.default\">\n\t\t\t\t<div class=\"elementor-widget-container\">\n\t\t\t\t\t<div class=\"elementor-button-wrapper\">\n\t\t\t<a class=\"elementor-button elementor-size-sm\" role=\"button\">\n\t\t\t\t\t\t<span class=\"elementor-button-content-wrapper\">\n\t\t\t\t\t\t<span class=\"elementor-button-text\">O n\u00e1s<\/span>\n\t\t<\/span>\n\t\t\t\t\t<\/a>\n\t\t<\/div>\n\t\t\t\t<\/div>\n\t\t\t\t<\/div>\n\t\t\t\t<\/div>\n\t\t\t\t<\/div>\n\t\t<div class=\"elementor-element elementor-element-3f6dca0d e-con-full e-flex e-con e-parent\" data-id=\"3f6dca0d\" data-element_type=\"container\" data-settings=\"{&quot;content_width&quot;:&quot;full&quot;}\" data-core-v316-plus=\"true\">\n\t\t\t\t<div class=\"elementor-element elementor-element-413de1f4 elementor-widget elementor-widget-heading\" data-id=\"413de1f4\" data-element_type=\"widget\" data-widget_type=\"heading.default\">\n\t\t\t\t<div class=\"elementor-widget-container\">\n\t\t\t<span class=\"elementor-heading-title elementor-size-default\">Na\u0161e Slu\u017eby<\/span>\t\t<\/div>\n\t\t\t\t<\/div>\n\t\t<div class=\"elementor-element elementor-element-23871354 e-con-full e-flex e-con e-child\" data-id=\"23871354\" data-element_type=\"container\" data-settings=\"{&quot;content_width&quot;:&quot;full&quot;}\">\n\t\t<div class=\"elementor-element elementor-element-9e32f14 e-con-full e-flex e-con e-child\" data-id=\"9e32f14\" data-element_type=\"container\" data-settings=\"{&quot;content_width&quot;:&quot;full&quot;}\">\n\t\t\t\t<div class=\"elementor-element elementor-element-7001cc7d elementor-widget elementor-widget-text-editor\" data-id=\"7001cc7d\" data-element_type=\"widget\" data-widget_type=\"text-editor.default\">\n\t\t\t\t<div class=\"elementor-widget-container\">\n\t\t\t\t\t\t\t<p>V <b>Po\u010d\u00edta\u010dovom Servise<\/b> sa zameriavame na poskytovanie komplexnej \u0161k\u00e1ly slu\u017eieb pre v\u0161etky va\u0161e po\u010d\u00edta\u010dov\u00e9 potreby. \u010ci u\u017e ide o be\u017en\u00fa \u00fadr\u017ebu, n\u00e1ro\u010dn\u00e9 opravy, alebo odborn\u00e9 poradenstvo, n\u00e1\u0161 t\u00edm sk\u00fasen\u00fdch technikov je tu, aby v\u00e1m pomohol. Pozrite sa bli\u017e\u0161ie na to, \u010do v\u00e1m m\u00f4\u017eeme pon\u00faknu\u0165<\/p>\t\t\t\t\t\t<\/div>\n\t\t\t\t<\/div>\n\t\t\t\t<div class=\"elementor-element elementor-element-187a893e elementor-invisible elementor-widget elementor-widget-button\" data-id=\"187a893e\" data-element_type=\"widget\" data-settings=\"{&quot;_animation&quot;:&quot;fadeInDown&quot;}\" data-widget_type=\"button.default\">\n\t\t\t\t<div class=\"elementor-widget-container\">\n\t\t\t\t\t<div class=\"elementor-button-wrapper\">\n\t\t\t<a class=\"elementor-button elementor-size-sm elementor-animation-sink\" role=\"button\">\n\t\t\t\t\t\t<span class=\"elementor-button-content-wrapper\">\n\t\t\t\t\t\t<span class=\"elementor-button-text\">Na\u0161e Slu\u017eby<\/span>\n\t\t<\/span>\n\t\t\t\t\t<\/a>\n\t\t<\/div>\n\t\t\t\t<\/div>\n\t\t\t\t<\/div>\n\t\t\t\t<\/div>\n\t\t<div class=\"elementor-element elementor-element-2791502d e-con-full e-flex e-con e-child\" data-id=\"2791502d\" data-element_type=\"container\" data-settings=\"{&quot;content_width&quot;:&quot;full&quot;}\">\n\t\t<div class=\"elementor-element elementor-element-23112ef e-con-full e-flex e-con e-child\" data-id=\"23112ef\" data-element_type=\"container\" data-settings=\"{&quot;content_width&quot;:&quot;full&quot;}\">\n\t\t\t\t<div class=\"elementor-element elementor-element-1580e38c elementor-position-top elementor-widget elementor-widget-image-box\" data-id=\"1580e38c\" data-element_type=\"widget\" data-widget_type=\"image-box.default\">\n\t\t\t\t<div class=\"elementor-widget-container\">\n\t\t\t<style>\/*! elementor - v3.18.0 - 20-12-2023 *\/\n.elementor-widget-image-box .elementor-image-box-content{width:100%}@media (min-width:768px){.elementor-widget-image-box.elementor-position-left .elementor-image-box-wrapper,.elementor-widget-image-box.elementor-position-right .elementor-image-box-wrapper{display:flex}.elementor-widget-image-box.elementor-position-right .elementor-image-box-wrapper{text-align:right;flex-direction:row-reverse}.elementor-widget-image-box.elementor-position-left .elementor-image-box-wrapper{text-align:left;flex-direction:row}.elementor-widget-image-box.elementor-position-top .elementor-image-box-img{margin:auto}.elementor-widget-image-box.elementor-vertical-align-top .elementor-image-box-wrapper{align-items:flex-start}.elementor-widget-image-box.elementor-vertical-align-middle .elementor-image-box-wrapper{align-items:center}.elementor-widget-image-box.elementor-vertical-align-bottom .elementor-image-box-wrapper{align-items:flex-end}}@media (max-width:767px){.elementor-widget-image-box .elementor-image-box-img{margin-left:auto!important;margin-right:auto!important;margin-bottom:15px}}.elementor-widget-image-box .elementor-image-box-img{display:inline-block}.elementor-widget-image-box .elementor-image-box-title a{color:inherit}.elementor-widget-image-box .elementor-image-box-wrapper{text-align:center}.elementor-widget-image-box .elementor-image-box-description{margin:0}<\/style><div class=\"elementor-image-box-wrapper\"><figure class=\"elementor-image-box-img\"><img fetchpriority=\"high\" decoding=\"async\" width=\"1024\" height=\"1024\" src=\"https:\/\/www.pocitacovy-servis.sk\/wp-content\/uploads\/2023\/12\/DALL\u00b7E-2023-12-24-16.14.59-A-minimalist-and-clean-image-for-a-computer-and-laptop-repair-services-webpage.-The-image-features-a-single-laptop-with-an-open-back-panel-displaying.png\" class=\"elementor-animation-sink attachment-full size-full wp-image-101\" alt=\"\" srcset=\"https:\/\/www.pocitacovy-servis.sk\/wp-content\/uploads\/2023\/12\/DALL\u00b7E-2023-12-24-16.14.59-A-minimalist-and-clean-image-for-a-computer-and-laptop-repair-services-webpage.-The-image-features-a-single-laptop-with-an-open-back-panel-displaying.png 1024w, https:\/\/www.pocitacovy-servis.sk\/wp-content\/uploads\/2023\/12\/DALL\u00b7E-2023-12-24-16.14.59-A-minimalist-and-clean-image-for-a-computer-and-laptop-repair-services-webpage.-The-image-features-a-single-laptop-with-an-open-back-panel-displaying-300x300.png 300w, https:\/\/www.pocitacovy-servis.sk\/wp-content\/uploads\/2023\/12\/DALL\u00b7E-2023-12-24-16.14.59-A-minimalist-and-clean-image-for-a-computer-and-laptop-repair-services-webpage.-The-image-features-a-single-laptop-with-an-open-back-panel-displaying-150x150.png 150w, https:\/\/www.pocitacovy-servis.sk\/wp-content\/uploads\/2023\/12\/DALL\u00b7E-2023-12-24-16.14.59-A-minimalist-and-clean-image-for-a-computer-and-laptop-repair-services-webpage.-The-image-features-a-single-laptop-with-an-open-back-panel-displaying-768x768.png 768w\" sizes=\"(max-width: 1024px) 100vw, 1024px\" \/><\/figure><div class=\"elementor-image-box-content\"><h3 class=\"elementor-image-box-title\">Oprava po\u010d\u00edta\u010dov a notebookov<\/h3><p class=\"elementor-image-box-description\">Od hardv\u00e9rov\u00fdch probl\u00e9mov po softv\u00e9rov\u00e9 z\u00e1vady, n\u00e1\u0161 t\u00edm m\u00e1 odborn\u00e9 znalosti na rie\u0161enie v\u0161etk\u00fdch va\u0161ich probl\u00e9mov.<\/p><\/div><\/div>\t\t<\/div>\n\t\t\t\t<\/div>\n\t\t\t\t<div class=\"elementor-element elementor-element-499cca19 elementor-widget elementor-widget-button\" data-id=\"499cca19\" data-element_type=\"widget\" data-widget_type=\"button.default\">\n\t\t\t\t<div class=\"elementor-widget-container\">\n\t\t\t\t\t<div class=\"elementor-button-wrapper\">\n\t\t\t<a class=\"elementor-button elementor-size-sm\" role=\"button\">\n\t\t\t\t\t\t<span class=\"elementor-button-content-wrapper\">\n\t\t\t\t\t\t<span class=\"elementor-button-text\">Zisti viac<\/span>\n\t\t<\/span>\n\t\t\t\t\t<\/a>\n\t\t<\/div>\n\t\t\t\t<\/div>\n\t\t\t\t<\/div>\n\t\t\t\t<\/div>\n\t\t<div class=\"elementor-element elementor-element-4189b9f8 e-con-full e-flex e-con e-child\" data-id=\"4189b9f8\" data-element_type=\"container\" data-settings=\"{&quot;content_width&quot;:&quot;full&quot;}\">\n\t\t\t\t<div class=\"elementor-element elementor-element-29a91468 elementor-position-top elementor-widget elementor-widget-image-box\" data-id=\"29a91468\" data-element_type=\"widget\" data-widget_type=\"image-box.default\">\n\t\t\t\t<div class=\"elementor-widget-container\">\n\t\t\t<div class=\"elementor-image-box-wrapper\"><figure class=\"elementor-image-box-img\"><img decoding=\"async\" width=\"1024\" height=\"1024\" src=\"https:\/\/www.pocitacovy-servis.sk\/wp-content\/uploads\/2023\/12\/DALL\u00b7E-2023-12-24-16.17.41-A-clean-professional-image-illustrating-virus-and-malware-removal-services.-The-scene-shows-a-digital-representation-of-a-computer-screen-with-a-magn.png\" class=\"elementor-animation-sink attachment-full size-full wp-image-104\" alt=\"\" srcset=\"https:\/\/www.pocitacovy-servis.sk\/wp-content\/uploads\/2023\/12\/DALL\u00b7E-2023-12-24-16.17.41-A-clean-professional-image-illustrating-virus-and-malware-removal-services.-The-scene-shows-a-digital-representation-of-a-computer-screen-with-a-magn.png 1024w, https:\/\/www.pocitacovy-servis.sk\/wp-content\/uploads\/2023\/12\/DALL\u00b7E-2023-12-24-16.17.41-A-clean-professional-image-illustrating-virus-and-malware-removal-services.-The-scene-shows-a-digital-representation-of-a-computer-screen-with-a-magn-300x300.png 300w, https:\/\/www.pocitacovy-servis.sk\/wp-content\/uploads\/2023\/12\/DALL\u00b7E-2023-12-24-16.17.41-A-clean-professional-image-illustrating-virus-and-malware-removal-services.-The-scene-shows-a-digital-representation-of-a-computer-screen-with-a-magn-150x150.png 150w, https:\/\/www.pocitacovy-servis.sk\/wp-content\/uploads\/2023\/12\/DALL\u00b7E-2023-12-24-16.17.41-A-clean-professional-image-illustrating-virus-and-malware-removal-services.-The-scene-shows-a-digital-representation-of-a-computer-screen-with-a-magn-768x768.png 768w\" sizes=\"(max-width: 1024px) 100vw, 1024px\" \/><\/figure><div class=\"elementor-image-box-content\"><h3 class=\"elementor-image-box-title\">Odstr\u00e1nenie v\u00edrusov a malware<\/h3><p class=\"elementor-image-box-description\">Zabezpe\u010dte svoje zariadenia pred \u0161kodliv\u00fdm softv\u00e9rom s na\u0161imi profesion\u00e1lnymi slu\u017ebami odstra\u0148ovania v\u00edrusov.<\/p><\/div><\/div>\t\t<\/div>\n\t\t\t\t<\/div>\n\t\t\t\t<div class=\"elementor-element elementor-element-4a22cdce elementor-widget elementor-widget-button\" data-id=\"4a22cdce\" data-element_type=\"widget\" data-widget_type=\"button.default\">\n\t\t\t\t<div class=\"elementor-widget-container\">\n\t\t\t\t\t<div class=\"elementor-button-wrapper\">\n\t\t\t<a class=\"elementor-button elementor-size-sm\" role=\"button\">\n\t\t\t\t\t\t<span class=\"elementor-button-content-wrapper\">\n\t\t\t\t\t\t<span class=\"elementor-button-text\">Zisti viac<\/span>\n\t\t<\/span>\n\t\t\t\t\t<\/a>\n\t\t<\/div>\n\t\t\t\t<\/div>\n\t\t\t\t<\/div>\n\t\t\t\t<\/div>\n\t\t<div class=\"elementor-element elementor-element-51b9e450 e-con-full e-flex e-con e-child\" data-id=\"51b9e450\" data-element_type=\"container\" data-settings=\"{&quot;content_width&quot;:&quot;full&quot;}\">\n\t\t\t\t<div class=\"elementor-element elementor-element-6961adeb elementor-position-top elementor-widget elementor-widget-image-box\" data-id=\"6961adeb\" data-element_type=\"widget\" data-widget_type=\"image-box.default\">\n\t\t\t\t<div class=\"elementor-widget-container\">\n\t\t\t<div class=\"elementor-image-box-wrapper\"><figure class=\"elementor-image-box-img\"><img decoding=\"async\" width=\"1024\" height=\"1024\" src=\"https:\/\/www.pocitacovy-servis.sk\/wp-content\/uploads\/2023\/12\/DALL\u00b7E-2023-12-24-16.17.53-A-sleek-contemporary-image-depicting-system-maintenance-and-updates.-It-shows-a-digital-interface-with-progress-bars-and-update-notifications-symbol.png\" class=\"elementor-animation-sink attachment-full size-full wp-image-105\" alt=\"\" srcset=\"https:\/\/www.pocitacovy-servis.sk\/wp-content\/uploads\/2023\/12\/DALL\u00b7E-2023-12-24-16.17.53-A-sleek-contemporary-image-depicting-system-maintenance-and-updates.-It-shows-a-digital-interface-with-progress-bars-and-update-notifications-symbol.png 1024w, https:\/\/www.pocitacovy-servis.sk\/wp-content\/uploads\/2023\/12\/DALL\u00b7E-2023-12-24-16.17.53-A-sleek-contemporary-image-depicting-system-maintenance-and-updates.-It-shows-a-digital-interface-with-progress-bars-and-update-notifications-symbol-300x300.png 300w, https:\/\/www.pocitacovy-servis.sk\/wp-content\/uploads\/2023\/12\/DALL\u00b7E-2023-12-24-16.17.53-A-sleek-contemporary-image-depicting-system-maintenance-and-updates.-It-shows-a-digital-interface-with-progress-bars-and-update-notifications-symbol-150x150.png 150w, https:\/\/www.pocitacovy-servis.sk\/wp-content\/uploads\/2023\/12\/DALL\u00b7E-2023-12-24-16.17.53-A-sleek-contemporary-image-depicting-system-maintenance-and-updates.-It-shows-a-digital-interface-with-progress-bars-and-update-notifications-symbol-768x768.png 768w\" sizes=\"(max-width: 1024px) 100vw, 1024px\" \/><\/figure><div class=\"elementor-image-box-content\"><h3 class=\"elementor-image-box-title\">\u00dadr\u017eba a aktualiz\u00e1cie syst\u00e9mov<\/h3><p class=\"elementor-image-box-description\">Udr\u017eujeme v\u00e1\u0161 po\u010d\u00edta\u010d v top stave s pravideln\u00fdmi aktualiz\u00e1ciami a \u00fadr\u017ebou.<\/p><\/div><\/div>\t\t<\/div>\n\t\t\t\t<\/div>\n\t\t\t\t<div class=\"elementor-element elementor-element-31cc443d elementor-widget elementor-widget-button\" data-id=\"31cc443d\" data-element_type=\"widget\" data-widget_type=\"button.default\">\n\t\t\t\t<div class=\"elementor-widget-container\">\n\t\t\t\t\t<div class=\"elementor-button-wrapper\">\n\t\t\t<a class=\"elementor-button elementor-size-sm\" role=\"button\">\n\t\t\t\t\t\t<span class=\"elementor-button-content-wrapper\">\n\t\t\t\t\t\t<span class=\"elementor-button-text\">Zisti viac<\/span>\n\t\t<\/span>\n\t\t\t\t\t<\/a>\n\t\t<\/div>\n\t\t\t\t<\/div>\n\t\t\t\t<\/div>\n\t\t\t\t<\/div>\n\t\t\t\t<\/div>\n\t\t\t\t<\/div>\n\t\t\t\t<\/div>\n\t\t<div class=\"elementor-element elementor-element-1008eb2 e-con-full e-flex e-con e-parent\" data-id=\"1008eb2\" data-element_type=\"container\" data-settings=\"{&quot;content_width&quot;:&quot;full&quot;,&quot;background_background&quot;:&quot;classic&quot;}\" data-core-v316-plus=\"true\">\n\t\t<div class=\"elementor-element elementor-element-6133b82b e-con-full e-flex e-con e-child\" data-id=\"6133b82b\" data-element_type=\"container\" data-settings=\"{&quot;content_width&quot;:&quot;full&quot;}\">\n\t\t\t\t<div class=\"elementor-element elementor-element-6961da1a elementor-widget elementor-widget-heading\" data-id=\"6961da1a\" data-element_type=\"widget\" data-widget_type=\"heading.default\">\n\t\t\t\t<div class=\"elementor-widget-container\">\n\t\t\t<h2 class=\"elementor-heading-title elementor-size-default\">M\u00e1te probl\u00e9m s po\u010d\u00edta\u010dom? <\/h2>\t\t<\/div>\n\t\t\t\t<\/div>\n\t\t<div class=\"elementor-element elementor-element-48145520 e-con-full e-flex e-con e-child\" data-id=\"48145520\" data-element_type=\"container\" data-settings=\"{&quot;content_width&quot;:&quot;full&quot;}\">\n\t\t\t\t<div class=\"elementor-element elementor-element-7e3eef6 elementor-widget elementor-widget-text-editor\" data-id=\"7e3eef6\" data-element_type=\"widget\" data-widget_type=\"text-editor.default\">\n\t\t\t\t<div class=\"elementor-widget-container\">\n\t\t\t\t\t\t\t<p>Nechajte to na odborn\u00edkov! Kontaktujte n\u00e1s e\u0161te dnes pre bezplatn\u00fa konzult\u00e1ciu.<\/p>\t\t\t\t\t\t<\/div>\n\t\t\t\t<\/div>\n\t\t\t\t<div class=\"elementor-element elementor-element-2a49db58 elementor-invisible elementor-widget elementor-widget-button\" data-id=\"2a49db58\" data-element_type=\"widget\" data-settings=\"{&quot;_animation&quot;:&quot;fadeInDown&quot;}\" data-widget_type=\"button.default\">\n\t\t\t\t<div class=\"elementor-widget-container\">\n\t\t\t\t\t<div class=\"elementor-button-wrapper\">\n\t\t\t<a class=\"elementor-button elementor-size-sm elementor-animation-sink\" role=\"button\">\n\t\t\t\t\t\t<span class=\"elementor-button-content-wrapper\">\n\t\t\t\t\t\t<span class=\"elementor-button-text\">Kontakt<\/span>\n\t\t<\/span>\n\t\t\t\t\t<\/a>\n\t\t<\/div>\n\t\t\t\t<\/div>\n\t\t\t\t<\/div>\n\t\t\t\t<\/div>\n\t\t\t\t<\/div>\n\t\t\t\t<div class=\"elementor-element elementor-element-162cea24 elementor-invisible elementor-widget elementor-widget-heading\" data-id=\"162cea24\" data-element_type=\"widget\" data-settings=\"{&quot;_animation&quot;:&quot;fadeInUp&quot;}\" data-widget_type=\"heading.default\">\n\t\t\t\t<div class=\"elementor-widget-container\">\n\t\t\t<span class=\"elementor-heading-title elementor-size-default\">Kontaktujte n\u00e1s<\/span>\t\t<\/div>\n\t\t\t\t<\/div>\n\t\t\t\t<\/div>\n\t\t\t\t\t\t\t<\/div>\n\t\t","protected":false},"excerpt":{"rendered":"<p>Expertn\u00e1 Starostlivos\u0165 pre V\u00e1\u0161 Po\u010d\u00edta\u010d &#8211; r\u00fdchlo, spolahlivo a profesion\u00e1lne Komplexn\u00e9 rie\u0161enia pre Opravy, \u00dadr\u017ebu a Vylep\u0161enia Po\u010d\u00edta\u010dov na Jednom Mieste Objavte Na\u0161e Slu\u017eby PC servis V Po\u010d\u00edta\u010dovom Servise sme v\u00e1\u0161niv\u00ed odborn\u00edci s viac ako 20 rokmi sk\u00fasenost\u00ed v oblasti IT Na\u0161\u00edm poslan\u00edm je poskytova\u0165 vysokokvalitn\u00e9 slu\u017eby v oblasti opravy a \u00fadr\u017eby po\u010d\u00edta\u010dov pre jednotlivcov [&hellip;]<\/p>\n","protected":false},"author":1,"featured_media":0,"parent":0,"menu_order":0,"comment_status":"closed","ping_status":"closed","template":"elementor_header_footer","meta":{"footnotes":""},"class_list":["post-53","page","type-page","status-publish","hentry"],"_links":{"self":[{"href":"https:\/\/www.pocitacovy-servis.sk\/index.php?rest_route=\/wp\/v2\/pages\/53","targetHints":{"allow":["GET"]}}],"collection":[{"href":"https:\/\/www.pocitacovy-servis.sk\/index.php?rest_route=\/wp\/v2\/pages"}],"about":[{"href":"https:\/\/www.pocitacovy-servis.sk\/index.php?rest_route=\/wp\/v2\/types\/page"}],"author":[{"embeddable":true,"href":"https:\/\/www.pocitacovy-servis.sk\/index.php?rest_route=\/wp\/v2\/users\/1"}],"replies":[{"embeddable":true,"href":"https:\/\/www.pocitacovy-servis.sk\/index.php?rest_route=%2Fwp%2Fv2%2Fcomments&post=53"}],"version-history":[{"count":37,"href":"https:\/\/www.pocitacovy-servis.sk\/index.php?rest_route=\/wp\/v2\/pages\/53\/revisions"}],"predecessor-version":[{"id":136,"href":"https:\/\/www.pocitacovy-servis.sk\/index.php?rest_route=\/wp\/v2\/pages\/53\/revisions\/136"}],"wp:attachment":[{"href":"https:\/\/www.pocitacovy-servis.sk\/index.php?rest_route=%2Fwp%2Fv2%2Fmedia&parent=53"}],"curies":[{"name":"wp","href":"https:\/\/api.w.org\/{rel}","templated":true}]}}